{"id":2622,"date":"2025-08-16T11:29:22","date_gmt":"2025-08-16T01:59:22","guid":{"rendered":"https:\/\/elliedo.com\/?page_id=2622"},"modified":"2025-08-16T11:55:57","modified_gmt":"2025-08-16T02:25:57","slug":"ty","status":"publish","type":"page","link":"https:\/\/elliedo.com\/vi\/thuvien\/5tuduytaichinh\/ty\/","title":{"rendered":"ty"},"content":{"rendered":"<div data-elementor-type=\"wp-page\" data-elementor-id=\"2622\" class=\"elementor elementor-2622\">\n\t\t\t\t\t\t<section class=\"elementor-section elementor-top-section elementor-element elementor-element-4e9c3e6 elementor-section-full_width elementor-section-height-default elementor-section-height-default\" data-id=\"4e9c3e6\" data-element_type=\"section\" data-e-type=\"section\">\n\t\t\t\t\t\t<div class=\"elementor-container elementor-column-gap-default\">\n\t\t\t\t\t<div class=\"elementor-column elementor-col-100 elementor-top-column elementor-element elementor-element-83a2867\" data-id=\"83a2867\" data-element_type=\"column\" data-e-type=\"column\">\n\t\t\t<div class=\"elementor-widget-wrap elementor-element-populated\">\n\t\t\t\t\t\t<div class=\"elementor-element elementor-element-d3671b0 elementor-widget elementor-widget-heading\" data-id=\"d3671b0\" data-element_type=\"widget\" data-e-type=\"widget\" data-widget_type=\"heading.default\">\n\t\t\t\t<div class=\"elementor-widget-container\">\n\t\t\t\t\t<h2 class=\"elementor-heading-title elementor-size-default\">\u0110\u0103ng k\u00fd th\u00e0nh c\u00f4ng!<\/h2>\t\t\t\t<\/div>\n\t\t\t\t<\/div>\n\t\t\t\t<div class=\"elementor-element elementor-element-5741f11 elementor-widget elementor-widget-text-editor\" data-id=\"5741f11\" data-element_type=\"widget\" data-e-type=\"widget\" data-widget_type=\"text-editor.default\">\n\t\t\t\t<div class=\"elementor-widget-container\">\n\t\t\t\t\t\t\t\t\t<p>\u0110\u1eebng qu\u00ean ki\u1ec3m tra m\u1ee5c spam n\u1ebfu b\u1ea1n kh\u00f4ng th\u1ea5y email trong 1\u20132 ph\u00fat nh\u00e9.<\/p><p>N\u1ebfu c\u00f3 l\u1ed7i x\u1ea3y ra, ho\u1eb7c kh\u00f4ng nh\u1eadn \u0111\u01b0\u1ee3c t\u00e0i li\u1ec7u, b\u1ea1n vui l\u00f2ng li\u00ean h\u1ec7\u00a0 <a href=\"mailto:hello@elliedo.com\">hello@elliedo.com <\/a>\u0111\u1ec3 \u0111\u01b0\u1ee3c tr\u1ee3 gi\u00fap nh\u00e9 \ud83d\ude0a<\/p>\t\t\t\t\t\t\t\t<\/div>\n\t\t\t\t<\/div>\n\t\t\t\t\t<\/div>\n\t\t<\/div>\n\t\t\t\t\t<\/div>\n\t\t<\/section>\n\t\t\t\t<\/div>","protected":false},"excerpt":{"rendered":"<p>\u0110\u0103ng k\u00fd th\u00e0nh c\u00f4ng! \u0110\u1eebng qu\u00ean ki\u1ec3m tra m\u1ee5c spam n\u1ebfu b\u1ea1n kh\u00f4ng th\u1ea5y email trong 1\u20132 ph\u00fat nh\u00e9. N\u1ebfu c\u00f3 l\u1ed7i x\u1ea3y ra, ho\u1eb7c kh\u00f4ng nh\u1eadn \u0111\u01b0\u1ee3c t\u00e0i li\u1ec7u, b\u1ea1n vui l\u00f2ng li\u00ean h\u1ec7\u00a0 hello@elliedo.com \u0111\u1ec3 \u0111\u01b0\u1ee3c tr\u1ee3 gi\u00fap nh\u00e9 \ud83d\ude0a<\/p>","protected":false},"author":2,"featured_media":0,"parent":2416,"menu_order":0,"comment_status":"closed","ping_status":"closed","template":"","meta":{"site-sidebar-layout":"no-sidebar","site-content-layout":"page-builder","ast-site-content-layout":"full-width-container","site-content-style":"default","site-sidebar-style":"default","ast-global-header-display":"","ast-banner-title-visibility":"","ast-main-header-display":"","ast-hfb-above-header-display":"","ast-hfb-below-header-display":"","ast-hfb-mobile-header-display":"","site-post-title":"disabled","ast-breadcrumbs-content":"","ast-featured-img":"disabled","footer-sml-layout":"","theme-transparent-header-meta":"","adv-header-id-meta":"","stick-header-meta":"","header-above-stick-meta":"","header-main-stick-meta":"","header-below-stick-meta":"","astra-migrate-meta-layouts":"set","ast-page-background-enabled":"default","ast-page-background-meta":{"desktop":{"background-color":"","background-image":"","background-repeat":"repeat","background-position":"center center","background-size":"auto","background-attachment":"scroll","background-type":"","background-media":"","overlay-type":"","overlay-color":"","overlay-opacity":"","overlay-gradient":""},"tablet":{"background-color":"","background-image":"","background-repeat":"repeat","background-position":"center center","background-size":"auto","background-attachment":"scroll","background-type":"","background-media":"","overlay-type":"","overlay-color":"","overlay-opacity":"","overlay-gradient":""},"mobile":{"background-color":"","background-image":"","background-repeat":"repeat","background-position":"center center","background-size":"auto","background-attachment":"scroll","background-type":"","background-media":"","overlay-type":"","overlay-color":"","overlay-opacity":"","overlay-gradient":""}},"ast-content-background-meta":{"desktop":{"background-color":"var(--ast-global-color-5)","background-image":"","background-repeat":"repeat","background-position":"center center","background-size":"auto","background-attachment":"scroll","background-type":"","background-media":"","overlay-type":"","overlay-color":"","overlay-opacity":"","overlay-gradient":""},"tablet":{"background-color":"var(--ast-global-color-5)","background-image":"","background-repeat":"repeat","background-position":"center center","background-size":"auto","background-attachment":"scroll","background-type":"","background-media":"","overlay-type":"","overlay-color":"","overlay-opacity":"","overlay-gradient":""},"mobile":{"background-color":"var(--ast-global-color-5)","background-image":"","background-repeat":"repeat","background-position":"center center","background-size":"auto","background-attachment":"scroll","background-type":"","background-media":"","overlay-type":"","overlay-color":"","overlay-opacity":"","overlay-gradient":""}},"footnotes":""},"class_list":["post-2622","page","type-page","status-publish","hentry"],"yoast_head":"<!-- This site is optimized with the Yoast SEO plugin v27.1.1 - https:\/\/yoast.com\/product\/yoast-seo-wordpress\/ -->\n<title>ty - elliedo.com<\/title>\n<meta name=\"robots\" content=\"noindex, nofollow\" \/>\n<meta property=\"og:locale\" content=\"vi_VN\" \/>\n<meta property=\"og:type\" content=\"article\" \/>\n<meta property=\"og:title\" content=\"ty - elliedo.com\" \/>\n<meta property=\"og:description\" content=\"\u0110\u0103ng k\u00fd th\u00e0nh c\u00f4ng! \u0110\u1eebng qu\u00ean ki\u1ec3m tra m\u1ee5c spam n\u1ebfu b\u1ea1n kh\u00f4ng th\u1ea5y email trong 1\u20132 ph\u00fat nh\u00e9. N\u1ebfu c\u00f3 l\u1ed7i x\u1ea3y ra, ho\u1eb7c kh\u00f4ng nh\u1eadn \u0111\u01b0\u1ee3c t\u00e0i li\u1ec7u, b\u1ea1n vui l\u00f2ng li\u00ean h\u1ec7\u00a0 hello@elliedo.com \u0111\u1ec3 \u0111\u01b0\u1ee3c tr\u1ee3 gi\u00fap nh\u00e9 \ud83d\ude0a\" \/>\n<meta property=\"og:url\" content=\"https:\/\/elliedo.com\/vi\/thuvien\/5tuduytaichinh\/ty\/\" \/>\n<meta property=\"og:site_name\" content=\"elliedo.com\" \/>\n<meta property=\"article:modified_time\" content=\"2025-08-16T02:25:57+00:00\" \/>\n<meta name=\"twitter:card\" content=\"summary_large_image\" \/>\n<meta name=\"twitter:label1\" content=\"\u01af\u1edbc t\u00ednh th\u1eddi gian \u0111\u1ecdc\" \/>\n\t<meta name=\"twitter:data1\" content=\"1 ph\u00fat\" \/>\n<script type=\"application\/ld+json\" class=\"yoast-schema-graph\">{\"@context\":\"https:\/\/schema.org\",\"@graph\":[{\"@type\":\"WebPage\",\"@id\":\"https:\/\/elliedo.com\/thuvien\/5tuduytaichinh\/ty\/\",\"url\":\"https:\/\/elliedo.com\/thuvien\/5tuduytaichinh\/ty\/\",\"name\":\"ty - elliedo.com\",\"isPartOf\":{\"@id\":\"https:\/\/elliedo.com\/#website\"},\"datePublished\":\"2025-08-16T01:59:22+00:00\",\"dateModified\":\"2025-08-16T02:25:57+00:00\",\"breadcrumb\":{\"@id\":\"https:\/\/elliedo.com\/thuvien\/5tuduytaichinh\/ty\/#breadcrumb\"},\"inLanguage\":\"vi\",\"potentialAction\":[{\"@type\":\"ReadAction\",\"target\":[\"https:\/\/elliedo.com\/thuvien\/5tuduytaichinh\/ty\/\"]}]},{\"@type\":\"BreadcrumbList\",\"@id\":\"https:\/\/elliedo.com\/thuvien\/5tuduytaichinh\/ty\/#breadcrumb\",\"itemListElement\":[{\"@type\":\"ListItem\",\"position\":1,\"name\":\"Home\",\"item\":\"https:\/\/elliedo.com\/\"},{\"@type\":\"ListItem\",\"position\":2,\"name\":\"Th\u01b0 Vi\u1ec7n\",\"item\":\"https:\/\/elliedo.com\/thuvien\/\"},{\"@type\":\"ListItem\",\"position\":3,\"name\":\"5 T\u01b0 Duy T\u00e0i Ch\u00ednh\",\"item\":\"https:\/\/elliedo.com\/thuvien\/5tuduytaichinh\/\"},{\"@type\":\"ListItem\",\"position\":4,\"name\":\"ty\"}]},{\"@type\":\"WebSite\",\"@id\":\"https:\/\/elliedo.com\/#website\",\"url\":\"https:\/\/elliedo.com\/\",\"name\":\"elliedo.com\",\"description\":\"\",\"publisher\":{\"@id\":\"https:\/\/elliedo.com\/#organization\"},\"potentialAction\":[{\"@type\":\"SearchAction\",\"target\":{\"@type\":\"EntryPoint\",\"urlTemplate\":\"https:\/\/elliedo.com\/?s={search_term_string}\"},\"query-input\":{\"@type\":\"PropertyValueSpecification\",\"valueRequired\":true,\"valueName\":\"search_term_string\"}}],\"inLanguage\":\"vi\"},{\"@type\":\"Organization\",\"@id\":\"https:\/\/elliedo.com\/#organization\",\"name\":\"elliedo.com\",\"url\":\"https:\/\/elliedo.com\/\",\"logo\":{\"@type\":\"ImageObject\",\"inLanguage\":\"vi\",\"@id\":\"https:\/\/elliedo.com\/#\/schema\/logo\/image\/\",\"url\":\"https:\/\/elliedo.com\/wp-content\/uploads\/2022\/10\/cropped-EllieDo.com-Logo.png\",\"contentUrl\":\"https:\/\/elliedo.com\/wp-content\/uploads\/2022\/10\/cropped-EllieDo.com-Logo.png\",\"width\":180,\"height\":60,\"caption\":\"elliedo.com\"},\"image\":{\"@id\":\"https:\/\/elliedo.com\/#\/schema\/logo\/image\/\"}}]}<\/script>\n<!-- \/ Yoast SEO plugin. -->","yoast_head_json":{"title":"ty - elliedo.com","robots":{"index":"noindex","follow":"nofollow"},"og_locale":"vi_VN","og_type":"article","og_title":"ty - elliedo.com","og_description":"\u0110\u0103ng k\u00fd th\u00e0nh c\u00f4ng! \u0110\u1eebng qu\u00ean ki\u1ec3m tra m\u1ee5c spam n\u1ebfu b\u1ea1n kh\u00f4ng th\u1ea5y email trong 1\u20132 ph\u00fat nh\u00e9. N\u1ebfu c\u00f3 l\u1ed7i x\u1ea3y ra, ho\u1eb7c kh\u00f4ng nh\u1eadn \u0111\u01b0\u1ee3c t\u00e0i li\u1ec7u, b\u1ea1n vui l\u00f2ng li\u00ean h\u1ec7\u00a0 hello@elliedo.com \u0111\u1ec3 \u0111\u01b0\u1ee3c tr\u1ee3 gi\u00fap nh\u00e9 \ud83d\ude0a","og_url":"https:\/\/elliedo.com\/vi\/thuvien\/5tuduytaichinh\/ty\/","og_site_name":"elliedo.com","article_modified_time":"2025-08-16T02:25:57+00:00","twitter_card":"summary_large_image","twitter_misc":{"\u01af\u1edbc t\u00ednh th\u1eddi gian \u0111\u1ecdc":"1 ph\u00fat"},"schema":{"@context":"https:\/\/schema.org","@graph":[{"@type":"WebPage","@id":"https:\/\/elliedo.com\/thuvien\/5tuduytaichinh\/ty\/","url":"https:\/\/elliedo.com\/thuvien\/5tuduytaichinh\/ty\/","name":"ty - elliedo.com","isPartOf":{"@id":"https:\/\/elliedo.com\/#website"},"datePublished":"2025-08-16T01:59:22+00:00","dateModified":"2025-08-16T02:25:57+00:00","breadcrumb":{"@id":"https:\/\/elliedo.com\/thuvien\/5tuduytaichinh\/ty\/#breadcrumb"},"inLanguage":"vi","potentialAction":[{"@type":"ReadAction","target":["https:\/\/elliedo.com\/thuvien\/5tuduytaichinh\/ty\/"]}]},{"@type":"BreadcrumbList","@id":"https:\/\/elliedo.com\/thuvien\/5tuduytaichinh\/ty\/#breadcrumb","itemListElement":[{"@type":"ListItem","position":1,"name":"Home","item":"https:\/\/elliedo.com\/"},{"@type":"ListItem","position":2,"name":"Th\u01b0 Vi\u1ec7n","item":"https:\/\/elliedo.com\/thuvien\/"},{"@type":"ListItem","position":3,"name":"5 T\u01b0 Duy T\u00e0i Ch\u00ednh","item":"https:\/\/elliedo.com\/thuvien\/5tuduytaichinh\/"},{"@type":"ListItem","position":4,"name":"ty"}]},{"@type":"WebSite","@id":"https:\/\/elliedo.com\/#website","url":"https:\/\/elliedo.com\/","name":"elliedo.com","description":"","publisher":{"@id":"https:\/\/elliedo.com\/#organization"},"potentialAction":[{"@type":"SearchAction","target":{"@type":"EntryPoint","urlTemplate":"https:\/\/elliedo.com\/?s={search_term_string}"},"query-input":{"@type":"PropertyValueSpecification","valueRequired":true,"valueName":"search_term_string"}}],"inLanguage":"vi"},{"@type":"Organization","@id":"https:\/\/elliedo.com\/#organization","name":"elliedo.com","url":"https:\/\/elliedo.com\/","logo":{"@type":"ImageObject","inLanguage":"vi","@id":"https:\/\/elliedo.com\/#\/schema\/logo\/image\/","url":"https:\/\/elliedo.com\/wp-content\/uploads\/2022\/10\/cropped-EllieDo.com-Logo.png","contentUrl":"https:\/\/elliedo.com\/wp-content\/uploads\/2022\/10\/cropped-EllieDo.com-Logo.png","width":180,"height":60,"caption":"elliedo.com"},"image":{"@id":"https:\/\/elliedo.com\/#\/schema\/logo\/image\/"}}]}},"_links":{"self":[{"href":"https:\/\/elliedo.com\/vi\/wp-json\/wp\/v2\/pages\/2622","targetHints":{"allow":["GET"]}}],"collection":[{"href":"https:\/\/elliedo.com\/vi\/wp-json\/wp\/v2\/pages"}],"about":[{"href":"https:\/\/elliedo.com\/vi\/wp-json\/wp\/v2\/types\/page"}],"author":[{"embeddable":true,"href":"https:\/\/elliedo.com\/vi\/wp-json\/wp\/v2\/users\/2"}],"replies":[{"embeddable":true,"href":"https:\/\/elliedo.com\/vi\/wp-json\/wp\/v2\/comments?post=2622"}],"version-history":[{"count":10,"href":"https:\/\/elliedo.com\/vi\/wp-json\/wp\/v2\/pages\/2622\/revisions"}],"predecessor-version":[{"id":2634,"href":"https:\/\/elliedo.com\/vi\/wp-json\/wp\/v2\/pages\/2622\/revisions\/2634"}],"up":[{"embeddable":true,"href":"https:\/\/elliedo.com\/vi\/wp-json\/wp\/v2\/pages\/2416"}],"wp:attachment":[{"href":"https:\/\/elliedo.com\/vi\/wp-json\/wp\/v2\/media?parent=2622"}],"curies":[{"name":"wp","href":"https:\/\/api.w.org\/{rel}","templated":true}]}}